{"id":11249,"date":"2024-12-10T15:34:01","date_gmt":"2024-12-10T15:34:01","guid":{"rendered":"https:\/\/www.sarahssicktemplates.com\/?page_id=4"},"modified":"2026-03-05T15:41:44","modified_gmt":"2026-03-05T15:41:44","slug":"home","status":"publish","type":"page","link":"https:\/\/lupineworks.com\/es\/","title":{"rendered":"Inicio"},"content":{"rendered":"<div class=\"wp-block-cover alignfull has-parallax\" style=\"margin-top:0;margin-bottom:0;min-height:1026px;aspect-ratio:unset;\" id=\"home\"><div class=\"wp-block-cover__image-background wp-image-11268 size-full has-parallax\" style=\"background-position:50% 50%;background-image:url(http:\/\/lupineworks.com\/wp-content\/uploads\/2025\/09\/liana-mikah-bVYVhVJlk98-unsplash-scaled.jpg)\"><\/div><span aria-hidden=\"true\" class=\"wp-block-cover__background has-black-background-color has-background-dim\"><\/span><div class=\"wp-block-cover__inner-container has-global-padding is-layout-constrained wp-container-core-cover-is-layout-dc067305 wp-block-cover-is-layout-constrained\">\n<div class=\"wp-block-columns are-vertically-aligned-center is-layout-flex wp-container-core-columns-is-layout-28f84493 wp-block-columns-is-layout-flex\">\n<div class=\"wp-block-column is-vertically-aligned-center is-layout-flow wp-block-column-is-layout-flow\" style=\"padding-top:0;padding-right:0;padding-bottom:0;padding-left:0;flex-basis:100%\">\n<h6 class=\"wp-block-heading has-text-align-center top-title has-medium-font-size\" style=\"padding-top:0;padding-right:0;padding-bottom:0;padding-left:0;font-style:normal;font-weight:500;text-transform:capitalize\">Claridad. Crecimiento. Apoyo.<\/h6>\n\n\n\n<h2 class=\"wp-block-heading has-text-align-center has-raleway-font-family\" style=\"margin-top:0;margin-right:0;margin-bottom:0;margin-left:0;font-size:clamp(38.253px, 2.391rem + ((1vw - 3.2px) * 3.721), 71px);font-style:normal;font-weight:900;text-transform:capitalize\">Lupine Works<\/h2>\n\n\n\n<div class=\"wp-block-buttons is-content-justification-center is-layout-flex wp-container-core-buttons-is-layout-a89b3969 wp-block-buttons-is-layout-flex\">\n<div class=\"wp-block-button\" data-aos=\"scale-in\" data-aos-delay=\"250\" data-aos-duration=\"1950\"><a class=\"wp-block-button__link has-custom-color-2-background-color has-background wp-element-button\" href=\"#contact\" style=\"border-style:none;border-width:0px;border-radius:84px;box-shadow:var(--wp--preset--shadow--natural)\"><strong>Cont\u00e1cteme<\/strong><\/a><\/div>\n<\/div>\n<\/div>\n<\/div>\n<\/div><\/div>\n\n\n\n<div class=\"wp-block-cover alignfull is-light has-custom-font has-poppins-font-family\" style=\"margin-top:0;margin-bottom:0;padding-top:0;padding-right:0;padding-bottom:0;padding-left:0;min-height:765px;aspect-ratio:unset;\" id=\"about\"><img decoding=\"async\" class=\"wp-block-cover__image-background\" alt=\"\" src=\"blob:https:\/\/lupineworks.com\/a189d6d1-8e86-4e2b-ae9b-21809b75388d\" data-object-fit=\"cover\"\/><span aria-hidden=\"true\" class=\"wp-block-cover__background has-white-background-color has-background-dim\"><\/span><div class=\"wp-block-cover__inner-container has-global-padding is-layout-constrained wp-container-core-cover-is-layout-b709f5bb wp-block-cover-is-layout-constrained\">\n<div class=\"wp-block-columns is-layout-flex wp-container-core-columns-is-layout-bbf6143c wp-block-columns-is-layout-flex\" style=\"padding-top:var(--wp--preset--spacing--30);padding-right:var(--wp--preset--spacing--30);padding-bottom:var(--wp--preset--spacing--30);padding-left:var(--wp--preset--spacing--30)\">\n<div class=\"wp-block-column is-vertically-aligned-center is-layout-flow wp-block-column-is-layout-flow\">\n<p class=\"has-contrast-color has-text-color has-link-color has-poppins-font-family wp-elements-3d2d799650e2804efc43aa16fe8da60b\" style=\"font-size:clamp(31.152px, 1.947rem + ((1vw - 3.2px) * 2.71), 55px);line-height:1.5\"><strong>Ra\u00edces firmes. N\u00fameros claros. Crecimiento sostenible. <\/strong><\/p>\n\n\n\n<p class=\"has-black-color has-text-color has-link-color has-poppins-font-family has-small-font-size wp-elements-ea7270512706097bcf6ffe79362265bc\" style=\"line-height:1.5\">Hi! I&#8217;m Marie, <\/p>\n\n\n\n<p>Los lupinos enriquecen la tierra, fortaleciendo lo que est\u00e1 debajo de la superficie para que todo a su alrededor pueda prosperar. Lupine Works se basa en ese mismo principio: sistemas s\u00f3lidos crean un crecimiento sostenible. <strong>strong systems create sustainable growth.<\/strong><\/p>\n\n\n\n<p><strong>I specialize in bookkeeping and operational systems for farmers, market vendors, and food-based businesses. <\/strong>After a season selling at the Fort Collins Farmers Market, I saw firsthand that these businesses don&#8217;t operate on simple, predictable revenue cycles, but rather seasons, events, shifting inventory, and variable cash flow. <\/p>\n\n\n\n<p>Working a market booth showed me how much vendors carry: managing inventory, staffing, sales tax, and daily reconciliation while still serving customers and growing their business. <\/p>\n\n\n\n<p>Adem\u00e1s de llevar libros contables claros y reportes precisos, tengo experiencia con sistemas Square POS, seguimiento de ventas en mercados y los ritmos operativos de peque\u00f1os negocios de alimentos. Tambi\u00e9n aporto tres a\u00f1os de experiencia en alcance comunitario de SNAP y actualmente trabajo en acceso comunitario a alimentos en el norte de Colorado.<\/p>\n\n\n\n<p>El acceso equitativo a los alimentos es muy importante para m\u00ed. Me apasiona apoyar a los vendedores de productos agr\u00edcolas y alimentos para que comprendan c\u00f3mo funcionan los sistemas de pago EBT, c\u00f3mo registrarlos correctamente y c\u00f3mo construir procesos que hagan posible una participaci\u00f3n sostenible. <\/p>\n\n\n\n<p>Soy biling\u00fce en ingl\u00e9s y espa\u00f1ol, y me enorgullece ofrecer servicios en ambos idiomas. Mi objetivo es sencillo: crear una infraestructura clara y confiable detr\u00e1s de su negocio para que usted pueda enfocarse en un crecimiento sostenible. <\/p>\n<\/div>\n\n\n\n<div class=\"wp-block-column is-layout-flow wp-block-column-is-layout-flow\">\n<figure class=\"wp-block-image aligncenter size-full is-resized has-custom-border\"><img loading=\"lazy\" decoding=\"async\" width=\"1920\" height=\"2560\" src=\"https:\/\/lupineworks.com\/wp-content\/uploads\/2026\/03\/LW-scaled.jpg\" alt=\"\" class=\"wp-image-41293\" style=\"border-radius:17px;width:512px;height:auto\" srcset=\"https:\/\/lupineworks.com\/wp-content\/uploads\/2026\/03\/LW-scaled.jpg 1920w, https:\/\/lupineworks.com\/wp-content\/uploads\/2026\/03\/LW-225x300.jpg 225w, https:\/\/lupineworks.com\/wp-content\/uploads\/2026\/03\/LW-768x1024.jpg 768w, https:\/\/lupineworks.com\/wp-content\/uploads\/2026\/03\/LW-1152x1536.jpg 1152w, https:\/\/lupineworks.com\/wp-content\/uploads\/2026\/03\/LW-1536x2048.jpg 1536w\" sizes=\"auto, (max-width: 1920px) 100vw, 1920px\" \/><\/figure>\n<\/div>\n<\/div>\n<\/div><\/div>\n\n\n\n<div class=\"wp-block-cover alignfull has-parallax has-custom-font has-poppins-font-family\" style=\"margin-top:0;margin-bottom:0;padding-top:0;padding-right:0;padding-bottom:0;padding-left:0;min-height:1098px;aspect-ratio:unset;\" id=\"services\"><div class=\"wp-block-cover__image-background wp-image-11270 size-full has-parallax\" style=\"background-position:50% 50%;background-image:url(http:\/\/lupineworks.com\/wp-content\/uploads\/2025\/09\/pexels-anastasia-shuraeva-5126444-scaled.jpg)\"><\/div><span aria-hidden=\"true\" class=\"wp-block-cover__background has-black-background-color has-background-dim\"><\/span><div class=\"wp-block-cover__inner-container has-global-padding is-layout-constrained wp-container-core-cover-is-layout-b709f5bb wp-block-cover-is-layout-constrained\">\n<div style=\"height:45px\" aria-hidden=\"true\" class=\"wp-block-spacer\"><\/div>\n\n\n\n<div class=\"wp-block-columns has-background is-layout-flex wp-container-core-columns-is-layout-f3e73c6b wp-block-columns-is-layout-flex\" id=\"Services\" style=\"border-radius:10px;background-color:#c8a9d66e;padding-top:var(--wp--preset--spacing--30);padding-right:var(--wp--preset--spacing--30);padding-bottom:var(--wp--preset--spacing--30);padding-left:var(--wp--preset--spacing--30)\">\n<div class=\"wp-block-column is-vertically-aligned-center is-layout-flow wp-block-column-is-layout-flow\" style=\"flex-basis:33.33%\">\n<figure class=\"wp-block-image aligncenter size-full\"><img loading=\"lazy\" decoding=\"async\" width=\"188\" height=\"267\" src=\"http:\/\/lupineworks.com\/wp-content\/uploads\/2025\/09\/3.jpg\" alt=\"\" class=\"wp-image-13\"\/><\/figure>\n\n\n\n<p class=\"has-text-align-center has-base-color has-text-color has-link-color has-poppins-font-family wp-elements-72ae177243cfe43e351cb4f5de871316\" style=\"font-size:clamp(31.152px, 1.947rem + ((1vw - 3.2px) * 2.71), 55px);line-height:1.5\"><strong>Servicios<\/strong><\/p>\n\n\n\n<p class=\"has-text-align-center has-base-color has-text-color has-link-color has-poppins-font-family has-small-font-size wp-elements-678f58d2b34479fde76199e3fe24d55c\" style=\"line-height:1.5\">Ofrezco servicios personalizados de contabilidad y apoyo operativo enfocados en agricultores, vendedores de mercados y negocios de alimentos. Mi objetivo es crear sistemas claros que reduzcan el estr\u00e9s y faciliten el crecimiento. <\/p>\n<\/div>\n\n\n\n<div class=\"wp-block-column is-vertically-aligned-center is-layout-flow wp-block-column-is-layout-flow\" style=\"flex-basis:66.66%\">\n<div class=\"wp-block-columns is-layout-flex wp-container-core-columns-is-layout-28f84493 wp-block-columns-is-layout-flex\">\n<div class=\"wp-block-column is-layout-flow wp-block-column-is-layout-flow\">\n<div class=\"wp-block-cover is-light has-custom-color-3-color has-text-color has-link-color has-poppins-font-family wp-elements-affb5c919817f55584e60e8b92083525\" style=\"border-radius:10px;padding-top:var(--wp--preset--spacing--30);padding-right:var(--wp--preset--spacing--30);padding-bottom:var(--wp--preset--spacing--30);padding-left:var(--wp--preset--spacing--30);box-shadow:var(--wp--preset--shadow--deep);min-height:285px;aspect-ratio:unset;\" data-aos=\"scale-in\" data-aos-delay=\"200\" data-aos-duration=\"1500\"><span aria-hidden=\"true\" class=\"wp-block-cover__background has-custom-color-1-background-color has-background-dim-100 has-background-dim\"><\/span><div class=\"wp-block-cover__inner-container has-global-padding is-layout-constrained wp-container-core-cover-is-layout-a35945ca wp-block-cover-is-layout-constrained\">\n<p class=\"has-text-align-center has-contrast-color has-text-color has-link-color wp-elements-716283486d5f8764f2498fc115fecb03\" style=\"font-size:clamp(18.959px, 1.185rem + ((1vw - 3.2px) * 1.255), 30px);\"><strong>Servicios de bookkeeping<\/strong><\/p>\n\n\n\n<p class=\"has-text-align-center has-black-color has-text-color has-link-color wp-elements-ffd9f0a278d8c1d85c1652f92fa6f26e\">Registros financieros precisos y organizados que le brindan claridad y le ayudan a cumplir con sus obligaciones. <\/p>\n\n\n\n<p class=\"has-text-align-center has-black-color has-text-color has-link-color wp-elements-cd4b46a8124dfe00b85d5a322baa3a6e\">Los servicios pueden incluir:<\/p>\n\n\n\n<ul class=\"wp-block-list\">\n<li><mark style=\"background-color:rgba(0, 0, 0, 0);color:#000000\" class=\"has-inline-color\">Categorizaci\u00f3n de transacciones<\/mark><\/li>\n\n\n\n<li><mark style=\"background-color:rgba(0, 0, 0, 0);color:#000000\" class=\"has-inline-color\">Conciliaci\u00f3n mensual de cuentas<\/mark><\/li>\n\n\n\n<li><mark style=\"background-color:rgba(0, 0, 0, 0);color:#000000\" class=\"has-inline-color\">Seguimiento de impuestos sobre las ventas<\/mark><\/li>\n\n\n\n<li><mark style=\"background-color:rgba(0, 0, 0, 0);color:#000000\" class=\"has-inline-color\">Conciliaci\u00f3n de dep\u00f3sitos de Square<\/mark><\/li>\n\n\n\n<li><mark style=\"background-color:rgba(0, 0, 0, 0);color:#000000\" class=\"has-inline-color\">Reportes financieros (Estado de Resultados, Balance General, Flujo de Efectivo)<\/mark><\/li>\n\n\n\n<li><mark style=\"background-color:rgba(0, 0, 0, 0);color:#000000\" class=\"has-inline-color\">Libros contables organizados y listos para su contador <\/mark><\/li>\n<\/ul>\n<\/div><\/div>\n<\/div>\n\n\n\n<div class=\"wp-block-column is-layout-flow wp-block-column-is-layout-flow\">\n<div class=\"wp-block-cover is-light has-custom-color-3-color has-text-color has-link-color has-poppins-font-family wp-elements-0dce1735c5bb3d36cae9b152e58cb09d\" style=\"border-radius:10px;padding-top:var(--wp--preset--spacing--30);padding-right:var(--wp--preset--spacing--30);padding-bottom:var(--wp--preset--spacing--30);padding-left:var(--wp--preset--spacing--30);box-shadow:var(--wp--preset--shadow--deep);min-height:285px;aspect-ratio:unset;\" data-aos=\"scale-in\" data-aos-delay=\"200\" data-aos-duration=\"1500\"><span aria-hidden=\"true\" class=\"wp-block-cover__background has-custom-color-1-background-color has-background-dim-100 has-background-dim\"><\/span><div class=\"wp-block-cover__inner-container has-global-padding is-layout-constrained wp-container-core-cover-is-layout-a35945ca wp-block-cover-is-layout-constrained\">\n<p class=\"has-text-align-center has-contrast-color has-text-color has-link-color wp-elements-c256a06b16976bc5503fcb93129a0f1d\" style=\"font-size:clamp(18.959px, 1.185rem + ((1vw - 3.2px) * 1.255), 30px);\"><strong>Apoyo Operativo y de Sistemas<\/strong><\/p>\n\n\n\n<p class=\"has-text-align-center has-black-color has-text-color has-link-color wp-elements-57c6f4facf104f35a8ddc3b96322fe17\">Apoyo m\u00e1s all\u00e1 de la contabilidad para negocios que trabajan en mercados, m\u00faltiples ubicaciones y con ingresos estacionales. <\/p>\n\n\n\n<p class=\"has-text-align-center has-black-color has-text-color has-link-color wp-elements-cd4b46a8124dfe00b85d5a322baa3a6e\">Los servicios pueden incluir:<\/p>\n\n\n\n<ul class=\"wp-block-list\">\n<li><mark style=\"background-color:rgba(0, 0, 0, 0);color:#000000\" class=\"has-inline-color\">Configuraci\u00f3n de Square POS<\/mark><\/li>\n\n\n\n<li><mark style=\"background-color:rgba(0, 0, 0, 0);color:#000000\" class=\"has-inline-color\">Seguimiento de ventas en m\u00faltiples ubicaciones<\/mark><\/li>\n\n\n\n<li><mark style=\"background-color:rgba(0, 0, 0, 0);color:#000000\" class=\"has-inline-color\">Sistemas de control de inventario<\/mark><\/li>\n\n\n\n<li><mark style=\"background-color:rgba(0, 0, 0, 0);color:#000000\" class=\"has-inline-color\">Dise\u00f1o de procesos para el registro de ingresos en mercados<\/mark><\/li>\n\n\n\n<li><mark style=\"background-color:rgba(0, 0, 0, 0);color:#000000\" class=\"has-inline-color\">Orientaci\u00f3n sobre sistemas EBT y programas de incentivos SNAP<\/mark><\/li>\n\n\n\n<li><mark style=\"background-color:rgba(0, 0, 0, 0);color:#000000\" class=\"has-inline-color\">Orientaci\u00f3n sobre procesos de trabajo en el puesto y controles internos b\u00e1sicos<\/mark><\/li>\n\n\n\n<li><mark style=\"background-color:rgba(0, 0, 0, 0);color:#000000\" class=\"has-inline-color\">Documentaci\u00f3n de procesos<\/mark><\/li>\n<\/ul>\n<\/div><\/div>\n<\/div>\n<\/div>\n<\/div>\n<\/div>\n\n\n\n<div style=\"height:45px\" aria-hidden=\"true\" class=\"wp-block-spacer\"><\/div>\n<\/div><\/div>\n\n\n\n<div class=\"wp-block-cover alignfull is-light has-parallax has-custom-font has-base-color has-text-color has-link-color has-poppins-font-family wp-elements-60d43541c1d252a4cd8ec0ecb48fc21a\" style=\"margin-top:0;margin-bottom:0;padding-top:0;padding-right:0;padding-bottom:0;padding-left:0;min-height:871px;aspect-ratio:unset;\"><div class=\"wp-block-cover__image-background wp-image-200 has-parallax\" style=\"background-position:50% 50%;background-image:url(https:\/\/www.acai.earth\/wp-content\/uploads\/2024\/11\/pexels-markusspiske-1679768-scaled.jpg)\"><\/div><span aria-hidden=\"true\" class=\"wp-block-cover__background has-black-background-color has-background-dim-0 has-background-dim\"><\/span><div class=\"wp-block-cover__inner-container has-global-padding is-layout-constrained wp-container-core-cover-is-layout-99b60ed8 wp-block-cover-is-layout-constrained\">\n<div class=\"wp-block-columns is-layout-flex wp-container-core-columns-is-layout-28f84493 wp-block-columns-is-layout-flex\">\n<div class=\"wp-block-column is-layout-flow wp-block-column-is-layout-flow\" style=\"padding-top:var(--wp--preset--spacing--30);padding-right:var(--wp--preset--spacing--30);padding-bottom:var(--wp--preset--spacing--30);padding-left:var(--wp--preset--spacing--30)\" id=\"whatsetsusapart\">\n<div class=\"wp-block-cover alignfull is-light has-custom-font has-baskervville-font-family\" style=\"margin-top:0;margin-bottom:0;padding-top:0;padding-right:0;padding-bottom:0;padding-left:0;min-height:798px;aspect-ratio:unset;\"><span aria-hidden=\"true\" class=\"wp-block-cover__background has-white-background-color has-background-dim-0 has-background-dim\"><\/span><div class=\"wp-block-cover__inner-container has-global-padding is-layout-constrained wp-container-core-cover-is-layout-a307af8a wp-block-cover-is-layout-constrained\">\n<div class=\"wp-block-columns alignwide is-layout-flex wp-container-core-columns-is-layout-891dc9d0 wp-block-columns-is-layout-flex\" style=\"padding-top:var(--wp--preset--spacing--30);padding-right:0;padding-bottom:var(--wp--preset--spacing--30);padding-left:0\">\n<div class=\"wp-block-column is-layout-flow wp-block-column-is-layout-flow\" style=\"padding-top:var(--wp--preset--spacing--30);padding-bottom:var(--wp--preset--spacing--30)\">\n<div class=\"wp-block-group has-global-padding is-layout-constrained wp-block-group-is-layout-constrained\"><\/div>\n\n\n\n<div class=\"wp-block-columns is-layout-flex wp-container-core-columns-is-layout-28f84493 wp-block-columns-is-layout-flex\">\n<div class=\"wp-block-column is-layout-flow wp-block-column-is-layout-flow\" style=\"padding-top:var(--wp--preset--spacing--50);padding-bottom:var(--wp--preset--spacing--50)\">\n<div class=\"wp-block-columns is-layout-flex wp-container-core-columns-is-layout-28f84493 wp-block-columns-is-layout-flex\">\n<div class=\"wp-block-column has-custom-color-3-background-color has-background is-layout-flow wp-block-column-is-layout-flow\" style=\"border-radius:10px;padding-top:var(--wp--preset--spacing--30);padding-right:var(--wp--preset--spacing--30);padding-bottom:var(--wp--preset--spacing--30);padding-left:var(--wp--preset--spacing--30);box-shadow:var(--wp--preset--shadow--natural);flex-basis:100%\">\n<p class=\"has-text-align-center has-contrast-color has-text-color has-link-color has-spectral-font-family wp-elements-14b2b0cbfa4b131a1f188292d4ca822c\" style=\"padding-right:var(--wp--preset--spacing--30);padding-left:var(--wp--preset--spacing--30);font-size:clamp(30.693px, 1.918rem + ((1vw - 3.2px) * 2.649), 54px);font-style:normal;font-weight:400\"><strong>Lo que hace diferente a Lupine Works<\/strong><\/p>\n\n\n\n<p class=\"has-text-align-center\">En Lupine Works, hago m\u00e1s que categorizar transacciones y conciliar cuentas. Me tomo el tiempo para conocer la historia, los valores y los objetivos de su negocio, para que nuestro trabajo juntos sea una verdadera colaboraci\u00f3n. <br><\/p>\n\n\n\n<div class=\"wp-block-columns is-layout-flex wp-container-core-columns-is-layout-28f84493 wp-block-columns-is-layout-flex\">\n<div class=\"wp-block-column is-layout-flow wp-block-column-is-layout-flow\" style=\"flex-basis:33.33%\">\n<ul class=\"wp-block-list\">\n<li><strong>Formaci\u00f3n y Certificaci\u00f3n Profesional <\/strong><br>Soy ProAdvisor Nivel 1 de QuickBooks Online y cuento con una Certificaci\u00f3n de Contabilidad de Intuit, adem\u00e1s de estudios en contabilidad que respaldan mi enfoque hacia la claridad financiera y la elaboraci\u00f3n de reportes. <\/li>\n\n\n\n<li><strong>Experiencia en Sistemas Alimentarios Locales<\/strong><br>He trabajado directamente en entornos de mercados agr\u00edcolas y actualmente trabajo en acceso comunitario a alimentos en el norte de Colorado. Tengo experiencia directa con las realidades operativas de agricultores, vendedores de productos agr\u00edcolas y negocios de alimentos. <\/li>\n\n\n\n<li><strong>Sistemas Basados en Square y Mercados<\/strong><br>Tengo experiencia con Square POS, seguimiento de ventas en m\u00faltiples ubicaciones, ciclos de ingresos estacionales y detalles de conciliaci\u00f3n propios de los negocios que venden en mercados (dep\u00f3sitos divididos, diferentes tasas de impuestos y m\u00faltiples m\u00e9todos de pago). <\/li>\n\n\n\n<li><strong>Conocimiento de SNAP y EBT<\/strong><br>Con tres a\u00f1os de experiencia en alcance comunitario de SNAP, entiendo c\u00f3mo funcionan los sistemas de pago EBT y c\u00f3mo los vendedores pueden registrarlos correctamente. <\/li>\n\n\n\n<li><strong>Servicios Biling\u00fces<\/strong><br>Hablar espa\u00f1ol con fluidez me permite ofrecer servicios en ingl\u00e9s y espa\u00f1ol. Tambi\u00e9n cuento con un certificado en traducci\u00f3n e interpretaci\u00f3n ingl\u00e9s-espa\u00f1ol de la Universidad de San Diego. <\/li>\n<\/ul>\n\n\n\n<p class=\"has-text-align-center\"><em>He recibido capacitaci\u00f3n bajo la gu\u00eda de una profesional con amplia experiencia en contabilidad y contin\u00fao desarrollando mi pr\u00e1ctica mediante mentor\u00eda y formaci\u00f3n profesional continua. Referencias disponibles a solicitud. <\/em><\/p>\n<\/div>\n\n\n\n<div class=\"wp-block-column is-vertically-aligned-center is-layout-flow wp-block-column-is-layout-flow\" style=\"border-radius:10px;flex-basis:66.66%\">\n<figure class=\"wp-block-image aligncenter size-full has-custom-border\"><img decoding=\"async\" src=\"http:\/\/lupineworks.com\/wp-content\/uploads\/2025\/09\/elias-vT_aT62r88g-unsplash.jpg\" alt=\"\" class=\"wp-image-11269\" style=\"border-radius:10px\"\/><\/figure>\n<\/div>\n<\/div>\n<\/div>\n<\/div>\n<\/div>\n<\/div>\n<\/div>\n<\/div>\n<\/div><\/div>\n<\/div>\n<\/div>\n<\/div><\/div>\n\n\n\n<div class=\"wp-block-columns alignfull is-style-workfolio-mob-col-reverse has-custom-color-2-background-color has-background is-layout-flex wp-container-core-columns-is-layout-aba4fdfe wp-block-columns-is-layout-flex\" id=\"contact\" style=\"margin-top:0;margin-bottom:0;padding-top:var(--wp--preset--spacing--40);padding-right:var(--wp--preset--spacing--50);padding-bottom:var(--wp--preset--spacing--40);padding-left:var(--wp--preset--spacing--50)\">\n<div class=\"wp-block-column is-vertically-aligned-center is-layout-flow wp-block-column-is-layout-flow\">\n<div class=\"wp-block-group is-layout-flow wp-container-core-group-is-layout-ebc72a69 wp-block-group-is-layout-flow\">\n<h2 class=\"wp-block-heading has-text-align-left is-style-default has-base-color has-text-color has-link-color wp-elements-3246327a340c99e481005b478ec446ce\" style=\"font-size:clamp(26.465px, 1.654rem + ((1vw - 3.2px) * 2.106), 45px);font-style:normal;font-weight:700;text-transform:none\" data-aos=\"fade\" data-aos-delay=\"250\" data-aos-duration=\"2500\"><strong>\u00bfLe gustar\u00eda comunicarse?<\/strong><\/h2>\n\n\n\n<div class=\"wp-block-group is-layout-flow wp-block-group-is-layout-flow\">\n<div class=\"wp-block-columns is-layout-flex wp-container-core-columns-is-layout-76136483 wp-block-columns-is-layout-flex\" style=\"margin-top:0;margin-bottom:0;padding-top:0;padding-right:0;padding-bottom:0;padding-left:0\">\n<div class=\"wp-block-column is-layout-flow wp-block-column-is-layout-flow\" style=\"flex-basis:100%\">\n<p class=\"has-text-align-left has-base-color has-text-color has-link-color wp-elements-7b83e7607146c2f9fb96b5d9614d9283\">Para consultas generales, puede comunicarse a marie.legrand@lupineworks.com. <\/p>\n\n\n\n<p class=\"has-text-align-left has-base-color has-text-color has-link-color wp-elements-532924e99d0e896f35248ae52446dde6\">Si desea informaci\u00f3n sobre servicios y precios, puede contarnos un poco sobre su negocio <a href=\"https:\/\/docs.google.com\/forms\/d\/1R6Fhc6s9zyw2a37iBCB357dulrE4qpW7sF0WufeizVY\/viewform?edit_requested=true\" data-type=\"link\" data-id=\"https:\/\/docs.google.com\/forms\/d\/e\/1FAIpQLSfeKx3GMMIwqb-UPgz6wIIoaQ6spFcuc5GIEaAmXtd0xcplSQ\/viewform?usp=header\">aqu\u00ed.<\/a>.<\/p>\n<\/div>\n<\/div>\n<\/div>\n<\/div>\n<\/div>\n\n\n\n<div class=\"wp-block-column is-vertically-aligned-center is-layout-flow wp-block-column-is-layout-flow\" style=\"flex-basis:48%\">\n<figure class=\"wp-block-image aligncenter size-full is-resized has-custom-border\"><img loading=\"lazy\" decoding=\"async\" width=\"183\" height=\"275\" src=\"http:\/\/lupineworks.com\/wp-content\/uploads\/2025\/09\/2.jpg\" alt=\"\" class=\"wp-image-14\" style=\"border-radius:10px;width:188px;height:auto\"\/><\/figure>\n<\/div>\n<\/div>\n\n\n\n<p><\/p>","protected":false},"excerpt":{"rendered":"<p>Interested in connecting? For general inquiries, please reach out at marie.legrand@lupineworks.com. For information on services and pricing, you can share a bit about your business here.<\/p>","protected":false},"author":1,"featured_media":0,"parent":0,"menu_order":0,"comment_status":"closed","ping_status":"closed","template":"blank","meta":{"footnotes":""},"class_list":["post-11249","page","type-page","status-publish","hentry"],"_links":{"self":[{"href":"https:\/\/lupineworks.com\/es\/wp-json\/wp\/v2\/pages\/11249","targetHints":{"allow":["GET"]}}],"collection":[{"href":"https:\/\/lupineworks.com\/es\/wp-json\/wp\/v2\/pages"}],"about":[{"href":"https:\/\/lupineworks.com\/es\/wp-json\/wp\/v2\/types\/page"}],"author":[{"embeddable":true,"href":"https:\/\/lupineworks.com\/es\/wp-json\/wp\/v2\/users\/1"}],"replies":[{"embeddable":true,"href":"https:\/\/lupineworks.com\/es\/wp-json\/wp\/v2\/comments?post=11249"}],"version-history":[{"count":11,"href":"https:\/\/lupineworks.com\/es\/wp-json\/wp\/v2\/pages\/11249\/revisions"}],"predecessor-version":[{"id":71293,"href":"https:\/\/lupineworks.com\/es\/wp-json\/wp\/v2\/pages\/11249\/revisions\/71293"}],"wp:attachment":[{"href":"https:\/\/lupineworks.com\/es\/wp-json\/wp\/v2\/media?parent=11249"}],"curies":[{"name":"wp","href":"https:\/\/api.w.org\/{rel}","templated":true}]}}